{"id":1037,"date":"2025-09-18T00:23:32","date_gmt":"2025-09-18T00:23:32","guid":{"rendered":"https:\/\/polarislisbstg.wpenginepowered.com\/terms-of-conditions\/"},"modified":"2025-10-27T14:57:50","modified_gmt":"2025-10-27T14:57:50","slug":"termos-de-utilizacao","status":"publish","type":"page","link":"https:\/\/polarislisbon.com\/pt-pt\/termos-de-utilizacao\/","title":{"rendered":"Termos de Utiliza\u00e7\u00e3o"},"content":{"rendered":"\t<article class=\"content-section text-article\"  id=\"section-1\">\n\t\t<div class=\"container container-sm\">\n\t\t\t\t\t\t\t<h1 class=\"h2 viewport-block fade-in-up\">\n\t\t\t\t\tTermos de Utiliza\u00e7\u00e3o\t\t\t\t<\/h1>\n\t\t\t\t\t\t\t\t\t\t<div class=\"text-content viewport-block fade-in-up\">\n\t\t\t\t\t<h6>Os presentes termos e condi\u00e7\u00f5es regem a utiliza\u00e7\u00e3o deste website pertencente \u00e0 Torre Norte, S.A.<\/h6>\n<h4>1. Conte\u00fado e Responsabilidade<\/h4>\n<p>A informa\u00e7\u00e3o presente neste website serve exclusivamente para informa\u00e7\u00e3o direta do utilizador, sendo a sua utiliza\u00e7\u00e3o da sua exclusiva responsabilidade. A Torre Norte, S.A. reserva-se o direito de efetuar altera\u00e7\u00f5es e corre\u00e7\u00f5es, suspender, interromper ou encerrar o site sempre que o considere adequado, sem aviso pr\u00e9vio e pelo per\u00edodo que considere necess\u00e1rio, por quaisquer motivos t\u00e9cnicos, administrativos, de for\u00e7a maior ou outros, n\u00e3o podendo, por isso, ser responsabilizada. A Torre Norte, S.A. n\u00e3o se responsabiliza nem pode ser responsabilizada por hiperliga\u00e7\u00f5es a websites de terceiros, bem como rejeita qualquer responsabilidade pelo conte\u00fado desses websites de terceiros, sendo o seu acesso e visita da exclusiva responsabilidade do visitante do website. A Torre Norte, S.A. tamb\u00e9m n\u00e3o se responsabiliza pelas pol\u00edticas de privacidade de websites de terceiros. As hiperliga\u00e7\u00f5es que possam existir para esses websites n\u00e3o implicam a aceita\u00e7\u00e3o dos conte\u00fados neles disponibilizados, nem representam a exist\u00eancia de qualquer liga\u00e7\u00e3o com os seus propriet\u00e1rios por parte da Torre Norte, S.A.<\/p>\n<p>O visitante do website compromete-se ainda a n\u00e3o realizar quaisquer opera\u00e7\u00f5es que possam prejudicar o funcionamento do website e das suas \u00e1reas, nem a aceder a uma \u00e1rea\/conta e respetivos conte\u00fados sem autoriza\u00e7\u00e3o. Testar, avaliar ou violar a vulnerabilidade da seguran\u00e7a do website, instalar ou tentar instalar v\u00edrus\/programas que o danifiquem e\/ou contaminem, desencadear ou tentar desencadear ataques &#8220;DoS&#8221; (Nega\u00e7\u00e3o de Servi\u00e7o) ou aconselhar terceiros a faz\u00ea-lo. O incumprimento das regras \u00e9ticas de utiliza\u00e7\u00e3o e bons costumes implica a cessa\u00e7\u00e3o do contacto do visitante, sendo a apropria\u00e7\u00e3o indevida, a contrafa\u00e7\u00e3o, a utiliza\u00e7\u00e3o de conte\u00fados desviados ou contrafeitos, a identifica\u00e7\u00e3o ileg\u00edtima e a concorr\u00eancia desleal punidas nos termos da legisla\u00e7\u00e3o aplic\u00e1vel. A Torre Norte, S.A. cooperar\u00e1 com as autoridades competentes para a aplica\u00e7\u00e3o da lei ou decis\u00e3o judicial que solicite ou ordene a divulga\u00e7\u00e3o da identidade ou assist\u00eancia na identifica\u00e7\u00e3o e\/ou localiza\u00e7\u00e3o de qualquer pessoa que transmita o conte\u00fado acima descrito.<\/p>\n<h4>2. Jurisdi\u00e7\u00e3o<\/h4>\n<p>Os Termos de Utiliza\u00e7\u00e3o e a Pol\u00edtica de Prote\u00e7\u00e3o de Dados Pessoais regem-se e devem ser interpretados de acordo com a lei portuguesa. O visitante do site aceita irrevogavelmente a jurisdi\u00e7\u00e3o dos tribunais portugueses para resolver qualquer conflito decorrente e\/ou relacionado com a Pol\u00edtica de Prote\u00e7\u00e3o de Dados Pessoais e\/ou o uso deste site.<\/p>\n\t\t\t\t<\/div>\n\t\t\t\t\t<\/div>\n\t<\/article>\n","protected":false},"excerpt":{"rendered":"","protected":false},"author":2,"featured_media":0,"parent":0,"menu_order":0,"comment_status":"closed","ping_status":"closed","template":"","meta":{"_acf_changed":true,"inline_featured_image":false,"footnotes":""},"class_list":["post-1037","page","type-page","status-publish","hentry"],"acf":[],"yoast_head":"<!-- This site is optimized with the Yoast SEO plugin v26.2 - https:\/\/yoast.com\/wordpress\/plugins\/seo\/ -->\n<title>Termos de Utiliza\u00e7\u00e3o - Polaris<\/title>\n<meta name=\"robots\" content=\"index, follow, max-snippet:-1, max-image-preview:large, max-video-preview:-1\" \/>\n<link rel=\"canonical\" href=\"https:\/\/polarislisbon.com\/pt-pt\/termos-de-utilizacao\/\" \/>\n<meta property=\"og:locale\" content=\"pt_PT\" \/>\n<meta property=\"og:type\" content=\"article\" \/>\n<meta property=\"og:title\" content=\"Termos de Utiliza\u00e7\u00e3o - Polaris\" \/>\n<meta property=\"og:url\" content=\"https:\/\/polarislisbon.com\/pt-pt\/termos-de-utilizacao\/\" \/>\n<meta property=\"og:site_name\" content=\"Polaris\" \/>\n<meta property=\"article:modified_time\" content=\"2025-10-27T14:57:50+00:00\" \/>\n<meta name=\"twitter:card\" content=\"summary_large_image\" \/>\n<script type=\"application\/ld+json\" class=\"yoast-schema-graph\">{\"@context\":\"https:\/\/schema.org\",\"@graph\":[{\"@type\":\"WebPage\",\"@id\":\"https:\/\/polarislisbon.com\/pt-pt\/termos-de-utilizacao\/\",\"url\":\"https:\/\/polarislisbon.com\/pt-pt\/termos-de-utilizacao\/\",\"name\":\"Termos de Utiliza\u00e7\u00e3o - Polaris\",\"isPartOf\":{\"@id\":\"https:\/\/polarislisbon.com\/pt-pt\/#website\"},\"datePublished\":\"2025-09-18T00:23:32+00:00\",\"dateModified\":\"2025-10-27T14:57:50+00:00\",\"breadcrumb\":{\"@id\":\"https:\/\/polarislisbon.com\/pt-pt\/termos-de-utilizacao\/#breadcrumb\"},\"inLanguage\":\"pt-PT\",\"potentialAction\":[{\"@type\":\"ReadAction\",\"target\":[\"https:\/\/polarislisbon.com\/pt-pt\/termos-de-utilizacao\/\"]}]},{\"@type\":\"BreadcrumbList\",\"@id\":\"https:\/\/polarislisbon.com\/pt-pt\/termos-de-utilizacao\/#breadcrumb\",\"itemListElement\":[{\"@type\":\"ListItem\",\"position\":1,\"name\":\"Home\",\"item\":\"https:\/\/polarislisbon.com\/pt-pt\/\"},{\"@type\":\"ListItem\",\"position\":2,\"name\":\"Termos de Utiliza\u00e7\u00e3o\"}]},{\"@type\":\"WebSite\",\"@id\":\"https:\/\/polarislisbon.com\/pt-pt\/#website\",\"url\":\"https:\/\/polarislisbon.com\/pt-pt\/\",\"name\":\"Polaris\",\"description\":\"\",\"potentialAction\":[{\"@type\":\"SearchAction\",\"target\":{\"@type\":\"EntryPoint\",\"urlTemplate\":\"https:\/\/polarislisbon.com\/pt-pt\/?s={search_term_string}\"},\"query-input\":{\"@type\":\"PropertyValueSpecification\",\"valueRequired\":true,\"valueName\":\"search_term_string\"}}],\"inLanguage\":\"pt-PT\"}]}<\/script>\n<!-- \/ Yoast SEO plugin. -->","yoast_head_json":{"title":"Termos de Utiliza\u00e7\u00e3o - Polaris","robots":{"index":"index","follow":"follow","max-snippet":"max-snippet:-1","max-image-preview":"max-image-preview:large","max-video-preview":"max-video-preview:-1"},"canonical":"https:\/\/polarislisbon.com\/pt-pt\/termos-de-utilizacao\/","og_locale":"pt_PT","og_type":"article","og_title":"Termos de Utiliza\u00e7\u00e3o - Polaris","og_url":"https:\/\/polarislisbon.com\/pt-pt\/termos-de-utilizacao\/","og_site_name":"Polaris","article_modified_time":"2025-10-27T14:57:50+00:00","twitter_card":"summary_large_image","schema":{"@context":"https:\/\/schema.org","@graph":[{"@type":"WebPage","@id":"https:\/\/polarislisbon.com\/pt-pt\/termos-de-utilizacao\/","url":"https:\/\/polarislisbon.com\/pt-pt\/termos-de-utilizacao\/","name":"Termos de Utiliza\u00e7\u00e3o - Polaris","isPartOf":{"@id":"https:\/\/polarislisbon.com\/pt-pt\/#website"},"datePublished":"2025-09-18T00:23:32+00:00","dateModified":"2025-10-27T14:57:50+00:00","breadcrumb":{"@id":"https:\/\/polarislisbon.com\/pt-pt\/termos-de-utilizacao\/#breadcrumb"},"inLanguage":"pt-PT","potentialAction":[{"@type":"ReadAction","target":["https:\/\/polarislisbon.com\/pt-pt\/termos-de-utilizacao\/"]}]},{"@type":"BreadcrumbList","@id":"https:\/\/polarislisbon.com\/pt-pt\/termos-de-utilizacao\/#breadcrumb","itemListElement":[{"@type":"ListItem","position":1,"name":"Home","item":"https:\/\/polarislisbon.com\/pt-pt\/"},{"@type":"ListItem","position":2,"name":"Termos de Utiliza\u00e7\u00e3o"}]},{"@type":"WebSite","@id":"https:\/\/polarislisbon.com\/pt-pt\/#website","url":"https:\/\/polarislisbon.com\/pt-pt\/","name":"Polaris","description":"","potentialAction":[{"@type":"SearchAction","target":{"@type":"EntryPoint","urlTemplate":"https:\/\/polarislisbon.com\/pt-pt\/?s={search_term_string}"},"query-input":{"@type":"PropertyValueSpecification","valueRequired":true,"valueName":"search_term_string"}}],"inLanguage":"pt-PT"}]}},"_links":{"self":[{"href":"https:\/\/polarislisbon.com\/pt-pt\/wp-json\/wp\/v2\/pages\/1037","targetHints":{"allow":["GET"]}}],"collection":[{"href":"https:\/\/polarislisbon.com\/pt-pt\/wp-json\/wp\/v2\/pages"}],"about":[{"href":"https:\/\/polarislisbon.com\/pt-pt\/wp-json\/wp\/v2\/types\/page"}],"author":[{"embeddable":true,"href":"https:\/\/polarislisbon.com\/pt-pt\/wp-json\/wp\/v2\/users\/2"}],"replies":[{"embeddable":true,"href":"https:\/\/polarislisbon.com\/pt-pt\/wp-json\/wp\/v2\/comments?post=1037"}],"version-history":[{"count":0,"href":"https:\/\/polarislisbon.com\/pt-pt\/wp-json\/wp\/v2\/pages\/1037\/revisions"}],"wp:attachment":[{"href":"https:\/\/polarislisbon.com\/pt-pt\/wp-json\/wp\/v2\/media?parent=1037"}],"curies":[{"name":"wp","href":"https:\/\/api.w.org\/{rel}","templated":true}]}}