{"id":1039,"date":"2025-09-09T12:18:08","date_gmt":"2025-09-09T12:18:08","guid":{"rendered":"https:\/\/polarislisbstg.wpenginepowered.com\/privacy-policy\/"},"modified":"2025-10-27T14:57:59","modified_gmt":"2025-10-27T14:57:59","slug":"politica-de-protecao","status":"publish","type":"page","link":"https:\/\/polarislisbon.com\/pt-pt\/politica-de-protecao\/","title":{"rendered":"Pol\u00edtica de Prote\u00e7\u00e3o"},"content":{"rendered":"\t<article class=\"content-section text-article\"  id=\"text-article\">\n\t\t<div class=\"container container-sm\">\n\t\t\t\t\t\t\t<h1 class=\"h2 viewport-block fade-in-up\">\n\t\t\t\t\tPol\u00edtica de Prote\u00e7\u00e3o \t\t\t\t<\/h1>\n\t\t\t\t\t\t\t\t\t\t<div class=\"text-content viewport-block fade-in-up\">\n\t\t\t\t\t<h6>A presente Pol\u00edtica de Privacidade estabelece o compromisso da Torre Norte, S.A. com os seus visitantes do website, relativamente \u00e0 prote\u00e7\u00e3o dos seus dados pessoais aquando da respetiva utiliza\u00e7\u00e3o (website da Polaris, doravante designado por &#8220;Website&#8221;). Atrav\u00e9s desta Pol\u00edtica de Privacidade, a Torre Norte, S.A. informa os visitantes do website sobre o tratamento efetuado com os seus dados, bem como os seus direitos enquanto titulares dos dados. A Torre Norte, S.A. atua no estrito cumprimento dos princ\u00edpios descritos nesta pol\u00edtica, no Regulamento (UE) 2016\/679 (Regulamento Geral sobre a Prote\u00e7\u00e3o de Dados \u2013 RGPD) e na legisla\u00e7\u00e3o de prote\u00e7\u00e3o de dados aplic\u00e1vel, em todas as atividades de tratamento de dados pessoais.<\/h6>\n<h4>1. Dados Pessoais que podemos recolher<\/h4>\n<p>Dados pessoais referem-se ao conjunto de informa\u00e7\u00f5es relativas a uma pessoa singular identificada ou identific\u00e1vel (\u00abtitular dos dados\u00bb); \u00e9 considerada identific\u00e1vel uma pessoa singular que possa ser identificada, direta ou indiretamente.<\/p>\n<p>O Website destina-se exclusivamente a, e s\u00f3 pode ser utilizado por, pessoas singulares com mais de 16 anos de idade. N\u00e3o tratamos voluntariamente e conscientemente os dados pessoais de crian\u00e7as. Se tomarmos conhecimento de que recolhemos dados pessoais de crian\u00e7as, procederemos imediatamente ao seu apagamento. Pedimos que nos contacte se souber que tratamos dados pessoais de crian\u00e7as.<\/p>\n<p>Quando envia uma mensagem no Website, recolhemos, conforme necess\u00e1rio, dados pessoais do seu nome, da empresa para a qual trabalha, do conte\u00fado da mensagem e do endere\u00e7o de e-mail ou n\u00famero de telefone.<\/p>\n<p>Caso ao fazer o seu pedido informe outros dados pessoais, dever\u00e1 faz\u00ea-lo voluntariamente; esses outros dados pessoais n\u00e3o s\u00e3o necess\u00e1rios.<\/p>\n<p>O fornecimento dos seus dados pessoais n\u00e3o \u00e9 uma obriga\u00e7\u00e3o legal nem contratual, e se n\u00e3o fornecer os dados pessoais necess\u00e1rios isso pode tornar invi\u00e1vel a resposta ao seu pedido.<\/p>\n<h4>2. Respons\u00e1vel pelo Tratamento de Dados Pessoais<\/h4>\n<p>A Torre Norte, S.A., com sede no Lugar de Espido, Via Norte 4470-177 Maia, registada na Conservat\u00f3ria do Registo Comercial sob o n\u00famero de contribuinte e o n\u00famero de matr\u00edcula 516040600, \u00e9 \u2013 nos termos do RGPD e demais legisla\u00e7\u00e3o em mat\u00e9ria de prote\u00e7\u00e3o de dados pessoais em vigor nos pa\u00edses onde desenvolve a sua atividade \u2013 o Respons\u00e1vel pelo tratamento dos dados pessoais que recolhemos para a utiliza\u00e7\u00e3o e navega\u00e7\u00e3o do Website.<\/p>\n<h4>3. Finalidade do Tratamento de Dados Pessoais<\/h4>\n<p>Utilizamos os dados pessoais dos visitantes do Website com a finalidade de lhes fornecer informa\u00e7\u00f5es em resposta aos pedidos que nos dirigem atrav\u00e9s do Website.<\/p>\n<p>Tratamos os dados pessoais que o visitante do Website fornece com base no seu consentimento, que nos \u00e9 concedido no momento em que nos envia um pedido.<\/p>\n<p>\u00c0 luz do acima exposto, esclarecemos que n\u00e3o solicitamos dados pessoais relativos a convic\u00e7\u00f5es filos\u00f3ficas ou pol\u00edticas, filia\u00e7\u00e3o partid\u00e1ria ou sindical, f\u00e9 religiosa, vida privada e origem racial ou \u00e9tnica, bem como o tratamento de dados relativos \u00e0 sa\u00fade e \u00e0 vida sexual.<\/p>\n<h4>4. Durante quanto tempo armazenamos os dados pessoais dos visitantes do Website<\/h4>\n<p>Armazenamos os dados pessoais dos visitantes do Website apenas durante o per\u00edodo de tempo necess\u00e1rio para responder aos seus pedidos e cumprir obriga\u00e7\u00f5es legais.<\/p>\n<p>Findo o per\u00edodo de conserva\u00e7\u00e3o, os seus dados pessoais ser\u00e3o tornados an\u00f3nimos ou ser\u00e3o eliminados de forma segura.<\/p>\n<h4>5. Direito de acesso, retifica\u00e7\u00e3o, apagamento, limita\u00e7\u00e3o do tratamento e direito \u00e0 portabilidade dos dados pessoais<\/h4>\n<p>O visitante do Website tem o direito de retirar o consentimento a qualquer momento, embora esse direito n\u00e3o afete a licitude do tratamento efetuado com base no consentimento previamente dado, nem o tratamento posterior dos mesmos dados, com base noutro fundamento jur\u00eddico. \u00c9 ainda assegurado aos visitantes do Website, a qualquer momento, o direito de acesso aos seus dados pessoais, bem como a sua retifica\u00e7\u00e3o, apagamento, portabilidade, restri\u00e7\u00e3o e\/ou oposi\u00e7\u00e3o ao tratamento. Enquanto titular dos dados, os visitantes do Website t\u00eam o direito de solicitar \u00e0 Torre Norte, S.A. o apagamento dos seus dados, sem demora injustificada, sendo esta obrigada a apagar os dados pessoais, sem demora injustificada, quando aplic\u00e1vel, nomeadamente, num dos seguintes motivos:<\/p>\n<p>a) Os dados pessoais deixaram de ser necess\u00e1rios para a finalidade para a qual foram recolhidos ou tratados;<\/p>\n<p>b) O utilizador tiver retirado o seu consentimento para o tratamento de dados (nos casos em que o tratamento se baseie no consentimento) e n\u00e3o existir outro fundamento para tal tratamento;<\/p>\n<p>c) O utilizador op\u00f5e-se ao tratamento e n\u00e3o existem interesses leg\u00edtimos superiores que justifiquem o tratamento.<\/p>\n<p>Para exercer qualquer um dos direitos acima mencionados, o visitante do Website dever\u00e1 dirigir-se, por escrito, \u00e0 Torre Norte, S.A. atrav\u00e9s da morada da sede social ou atrav\u00e9s do seguinte endere\u00e7o de correio eletr\u00f3nico: dadospessoais@polaris-offices-lx.com. Os pedidos dos visitantes do Website ser\u00e3o tratados com especial cuidado para que o exerc\u00edcio dos direitos do utilizador seja devidamente assegurado. Pode ser solicitado ao utilizador que forne\u00e7a prova de identidade de forma a garantir que a partilha de dados pessoais \u00e9 efetuada apenas com os respetivos titulares de dados, ou os seus representantes.<\/p>\n<h4>6. Comunica\u00e7\u00e3o de Dados Pessoais a Terceiros<\/h4>\n<p>Os dados pessoais fornecidos no Website, nomeadamente atrav\u00e9s do formul\u00e1rio de contacto (incluindo nome, endere\u00e7o de e-mail, n\u00famero de telefone e conte\u00fado da mensagem), poder\u00e3o ser divulgados a terceiros apenas com a finalidade de gerir e responder a pedidos apresentados pelos titulares dos dados. Neste contexto, os dados podem ser transmitidos a:<\/p>\n<ul>\n<li>ag\u00eancias imobili\u00e1rias parceiras, que podem acompanhar os interesses expressos pelos visitantes do Website relativamente a propriedades ou unidades dentro do edif\u00edcio promovido.<\/li>\n<li>Sierra Portugal, S.A., na qualidade de gestora operacional do edif\u00edcio Polaris, de forma a tratar dos pedidos enviados atrav\u00e9s do website.<\/li>\n<li>o prestador de servi\u00e7os digitais respons\u00e1vel pelo alojamento e manuten\u00e7\u00e3o do website em nome da Torre Norte, S.A., agindo como subcontratante nos termos do artigo 28.\u00ba do RGPD, vinculado por contrato para garantir a confidencialidade, seguran\u00e7a e integridade dos dados.<\/li>\n<\/ul>\n<p>Ao visitar o Website, os dados tamb\u00e9m podem ser recolhidos por meio de cookies, incluindo aqueles usados para fins anal\u00edticos, como o Google Analytics 4.0. Neste contexto, o destinat\u00e1rio dos dados \u00e9 a Google LLC, que trata dados pessoais (tais como endere\u00e7os IP e identificadores de utilizador) em nome da Torre Norte, S.A., nos termos do seu Acordo de Tratamento de Dados. Apesar de os dados serem tratados de forma pseudonimizada, em determinadas circunst\u00e2ncias, a Google pode ser capaz de identificar utilizadores individuais e, portanto, pode qualificar-se como um destinat\u00e1rio de dados na ace\u00e7\u00e3o do artigo 4.\u00ba, n.\u00ba 9, do RGPD. Para mais detalhes, os utilizadores s\u00e3o encorajados a consultar o Painel de Configura\u00e7\u00f5es de Cookies.<\/p>\n<p>Os dados n\u00e3o ser\u00e3o partilhados com outras entidades, a menos que exigido por lei ou com base no consentimento pr\u00e9vio e informado do titular dos dados.<\/p>\n<h4>7. Atualiza\u00e7\u00f5es a esta Pol\u00edtica de Privacidade<\/h4>\n<div class=\"lead\">\n<div class=\"lead\">\n<p>Esta Pol\u00edtica de Privacidade poder\u00e1 ser atualizada periodicamente, a qual ser\u00e1 comunicada.<\/p>\n<table width=\"584\">\n<tbody>\n<tr>\n<td width=\"91\"><strong>Data<\/strong><\/td>\n<td width=\"71\"><strong>Vers\u00e3o<\/strong><\/td>\n<td width=\"86\"><strong>Idioma<\/strong><\/td>\n<td width=\"336\"><strong>Observa\u00e7\u00f5es<\/strong><\/td>\n<\/tr>\n<tr>\n<td width=\"91\">02-10-2025<\/td>\n<td width=\"71\">0.1<\/td>\n<td width=\"86\">Portugu\u00eas<\/td>\n<td width=\"336\">Vers\u00e3o inicial<\/td>\n<\/tr>\n<\/tbody>\n<\/table>\n<\/div>\n<\/div>\n\t\t\t\t<\/div>\n\t\t\t\t\t<\/div>\n\t<\/article>\n","protected":false},"excerpt":{"rendered":"","protected":false},"author":2,"featured_media":0,"parent":0,"menu_order":0,"comment_status":"closed","ping_status":"open","template":"","meta":{"_acf_changed":true,"inline_featured_image":false,"footnotes":""},"class_list":["post-1039","page","type-page","status-publish","hentry"],"acf":[],"yoast_head":"<!-- This site is optimized with the Yoast SEO plugin v26.2 - https:\/\/yoast.com\/wordpress\/plugins\/seo\/ -->\n<title>Pol\u00edtica de Prote\u00e7\u00e3o - Polaris<\/title>\n<meta name=\"robots\" content=\"index, follow, max-snippet:-1, max-image-preview:large, max-video-preview:-1\" \/>\n<link rel=\"canonical\" href=\"https:\/\/polarislisbon.com\/pt-pt\/politica-de-protecao\/\" \/>\n<meta property=\"og:locale\" content=\"pt_PT\" \/>\n<meta property=\"og:type\" content=\"article\" \/>\n<meta property=\"og:title\" content=\"Pol\u00edtica de Prote\u00e7\u00e3o - Polaris\" \/>\n<meta property=\"og:url\" content=\"https:\/\/polarislisbon.com\/pt-pt\/politica-de-protecao\/\" \/>\n<meta property=\"og:site_name\" content=\"Polaris\" \/>\n<meta property=\"article:modified_time\" content=\"2025-10-27T14:57:59+00:00\" \/>\n<meta name=\"twitter:card\" content=\"summary_large_image\" \/>\n<script type=\"application\/ld+json\" class=\"yoast-schema-graph\">{\"@context\":\"https:\/\/schema.org\",\"@graph\":[{\"@type\":\"WebPage\",\"@id\":\"https:\/\/polarislisbon.com\/pt-pt\/politica-de-protecao\/\",\"url\":\"https:\/\/polarislisbon.com\/pt-pt\/politica-de-protecao\/\",\"name\":\"Pol\u00edtica de Prote\u00e7\u00e3o - Polaris\",\"isPartOf\":{\"@id\":\"https:\/\/polarislisbon.com\/pt-pt\/#website\"},\"datePublished\":\"2025-09-09T12:18:08+00:00\",\"dateModified\":\"2025-10-27T14:57:59+00:00\",\"breadcrumb\":{\"@id\":\"https:\/\/polarislisbon.com\/pt-pt\/politica-de-protecao\/#breadcrumb\"},\"inLanguage\":\"pt-PT\",\"potentialAction\":[{\"@type\":\"ReadAction\",\"target\":[\"https:\/\/polarislisbon.com\/pt-pt\/politica-de-protecao\/\"]}]},{\"@type\":\"BreadcrumbList\",\"@id\":\"https:\/\/polarislisbon.com\/pt-pt\/politica-de-protecao\/#breadcrumb\",\"itemListElement\":[{\"@type\":\"ListItem\",\"position\":1,\"name\":\"Home\",\"item\":\"https:\/\/polarislisbon.com\/pt-pt\/\"},{\"@type\":\"ListItem\",\"position\":2,\"name\":\"Pol\u00edtica de Prote\u00e7\u00e3o\"}]},{\"@type\":\"WebSite\",\"@id\":\"https:\/\/polarislisbon.com\/pt-pt\/#website\",\"url\":\"https:\/\/polarislisbon.com\/pt-pt\/\",\"name\":\"Polaris\",\"description\":\"\",\"potentialAction\":[{\"@type\":\"SearchAction\",\"target\":{\"@type\":\"EntryPoint\",\"urlTemplate\":\"https:\/\/polarislisbon.com\/pt-pt\/?s={search_term_string}\"},\"query-input\":{\"@type\":\"PropertyValueSpecification\",\"valueRequired\":true,\"valueName\":\"search_term_string\"}}],\"inLanguage\":\"pt-PT\"}]}<\/script>\n<!-- \/ Yoast SEO plugin. -->","yoast_head_json":{"title":"Pol\u00edtica de Prote\u00e7\u00e3o - Polaris","robots":{"index":"index","follow":"follow","max-snippet":"max-snippet:-1","max-image-preview":"max-image-preview:large","max-video-preview":"max-video-preview:-1"},"canonical":"https:\/\/polarislisbon.com\/pt-pt\/politica-de-protecao\/","og_locale":"pt_PT","og_type":"article","og_title":"Pol\u00edtica de Prote\u00e7\u00e3o - Polaris","og_url":"https:\/\/polarislisbon.com\/pt-pt\/politica-de-protecao\/","og_site_name":"Polaris","article_modified_time":"2025-10-27T14:57:59+00:00","twitter_card":"summary_large_image","schema":{"@context":"https:\/\/schema.org","@graph":[{"@type":"WebPage","@id":"https:\/\/polarislisbon.com\/pt-pt\/politica-de-protecao\/","url":"https:\/\/polarislisbon.com\/pt-pt\/politica-de-protecao\/","name":"Pol\u00edtica de Prote\u00e7\u00e3o - Polaris","isPartOf":{"@id":"https:\/\/polarislisbon.com\/pt-pt\/#website"},"datePublished":"2025-09-09T12:18:08+00:00","dateModified":"2025-10-27T14:57:59+00:00","breadcrumb":{"@id":"https:\/\/polarislisbon.com\/pt-pt\/politica-de-protecao\/#breadcrumb"},"inLanguage":"pt-PT","potentialAction":[{"@type":"ReadAction","target":["https:\/\/polarislisbon.com\/pt-pt\/politica-de-protecao\/"]}]},{"@type":"BreadcrumbList","@id":"https:\/\/polarislisbon.com\/pt-pt\/politica-de-protecao\/#breadcrumb","itemListElement":[{"@type":"ListItem","position":1,"name":"Home","item":"https:\/\/polarislisbon.com\/pt-pt\/"},{"@type":"ListItem","position":2,"name":"Pol\u00edtica de Prote\u00e7\u00e3o"}]},{"@type":"WebSite","@id":"https:\/\/polarislisbon.com\/pt-pt\/#website","url":"https:\/\/polarislisbon.com\/pt-pt\/","name":"Polaris","description":"","potentialAction":[{"@type":"SearchAction","target":{"@type":"EntryPoint","urlTemplate":"https:\/\/polarislisbon.com\/pt-pt\/?s={search_term_string}"},"query-input":{"@type":"PropertyValueSpecification","valueRequired":true,"valueName":"search_term_string"}}],"inLanguage":"pt-PT"}]}},"_links":{"self":[{"href":"https:\/\/polarislisbon.com\/pt-pt\/wp-json\/wp\/v2\/pages\/1039","targetHints":{"allow":["GET"]}}],"collection":[{"href":"https:\/\/polarislisbon.com\/pt-pt\/wp-json\/wp\/v2\/pages"}],"about":[{"href":"https:\/\/polarislisbon.com\/pt-pt\/wp-json\/wp\/v2\/types\/page"}],"author":[{"embeddable":true,"href":"https:\/\/polarislisbon.com\/pt-pt\/wp-json\/wp\/v2\/users\/2"}],"replies":[{"embeddable":true,"href":"https:\/\/polarislisbon.com\/pt-pt\/wp-json\/wp\/v2\/comments?post=1039"}],"version-history":[{"count":0,"href":"https:\/\/polarislisbon.com\/pt-pt\/wp-json\/wp\/v2\/pages\/1039\/revisions"}],"wp:attachment":[{"href":"https:\/\/polarislisbon.com\/pt-pt\/wp-json\/wp\/v2\/media?parent=1039"}],"curies":[{"name":"wp","href":"https:\/\/api.w.org\/{rel}","templated":true}]}}